{"id":94,"date":"2023-06-27T14:59:41","date_gmt":"2023-06-27T14:59:41","guid":{"rendered":"https:\/\/themedox.com\/roofx\/?page_id=94"},"modified":"2024-05-21T09:20:13","modified_gmt":"2024-05-21T09:20:13","slug":"hakkimizda","status":"publish","type":"page","link":"https:\/\/metehanmekanik.com.tr\/en\/hakkimizda\/","title":{"rendered":"About Us"},"content":{"rendered":"<div data-elementor-type=\"wp-page\" data-elementor-id=\"94\" class=\"elementor elementor-94\" data-elementor-post-type=\"page\">\n\t\t\t\t\t\t<section class=\"elementor-section elementor-top-section elementor-element elementor-element-724da2f elementor-section-content-middle elementor-section-boxed elementor-section-height-default elementor-section-height-default\" data-id=\"724da2f\" data-element_type=\"section\">\n\t\t\t\t\t\t<div class=\"elementor-container elementor-column-gap-no\">\n\t\t\t\t\t<div class=\"elementor-column elementor-col-50 elementor-top-column elementor-element elementor-element-098fa99\" data-id=\"098fa99\" data-element_type=\"column\">\n\t\t\t<div class=\"elementor-widget-wrap elementor-element-populated\">\n\t\t\t\t\t\t<div class=\"elementor-element elementor-element-384fc08 elementor-widget elementor-widget-tg-heading\" data-id=\"384fc08\" data-element_type=\"widget\" data-widget_type=\"tg-heading.default\">\n\t\t\t\t<div class=\"elementor-widget-container\">\n\t\t\t\r\n        <div class=\"section-title tg-heading-subheading animation-style3\">\r\n\r\n                            <span class=\"sub-title tg-element-title\">About Us<\/span>\r\n            \r\n            <h2 class=\"title tg-element-title\">Let's Build the Future Together<\/h2>\r\n        <\/div>\r\n\r\n\t\t<\/div>\n\t\t\t\t<\/div>\n\t\t\t\t<div class=\"elementor-element elementor-element-2ef1543 elementor-widget elementor-widget-heading\" data-id=\"2ef1543\" data-element_type=\"widget\" data-widget_type=\"heading.default\">\n\t\t\t\t<div class=\"elementor-widget-container\">\n\t\t\t<style>\/*! elementor - v3.21.0 - 30-04-2024 *\/\n.elementor-heading-title{padding:0;margin:0;line-height:1}.elementor-widget-heading .elementor-heading-title[class*=elementor-size-]>a{color:inherit;font-size:inherit;line-height:inherit}.elementor-widget-heading .elementor-heading-title.elementor-size-small{font-size:15px}.elementor-widget-heading .elementor-heading-title.elementor-size-medium{font-size:19px}.elementor-widget-heading .elementor-heading-title.elementor-size-large{font-size:29px}.elementor-widget-heading .elementor-heading-title.elementor-size-xl{font-size:39px}.elementor-widget-heading .elementor-heading-title.elementor-size-xxl{font-size:59px}<\/style><p class=\"elementor-heading-title elementor-size-default\">Founded in 2022 in \u0130zmir Alia\u011fa Industry, our company has become a well-known name in a short time with the quality services it provides in the field of engineering and contracting. We have also carried out successful projects in Petkim Refinery and Izmir Iron and Steel Industry.\n<\/p>\t\t<\/div>\n\t\t\t\t<\/div>\n\t\t\t\t<div class=\"elementor-element elementor-element-f7f29dc elementor-widget elementor-widget-iconlist\" data-id=\"f7f29dc\" data-element_type=\"widget\" data-widget_type=\"iconlist.default\">\n\t\t\t\t<div class=\"elementor-widget-container\">\n\t\t\t\r\n        \r\n            <div class=\"about-list\">\r\n                <ul class=\"list-wrap\">\r\n                                            <li>\r\n                                                            <i aria-hidden=\"true\" class=\"fas fa-check\"><\/i>                                                        Quality Service                        <\/li>\r\n                                            <li>\r\n                                                            <i aria-hidden=\"true\" class=\"fas fa-check\"><\/i>                                                        Expert Staff                        <\/li>\r\n                                            <li>\r\n                                                            <i aria-hidden=\"true\" class=\"fas fa-check\"><\/i>                                                        Customer Satisfaction                        <\/li>\r\n                                    <\/ul>\r\n            <\/div>\r\n\r\n        \r\n\t\t<\/div>\n\t\t\t\t<\/div>\n\t\t\t\t\t<\/div>\n\t\t<\/div>\n\t\t\t\t<div class=\"elementor-column elementor-col-50 elementor-top-column elementor-element elementor-element-efcca6a\" data-id=\"efcca6a\" data-element_type=\"column\">\n\t\t\t<div class=\"elementor-widget-wrap elementor-element-populated\">\n\t\t\t\t\t\t<div class=\"elementor-element elementor-element-70de67a elementor-widget elementor-widget-tp-image\" data-id=\"70de67a\" data-element_type=\"widget\" data-widget_type=\"tp-image.default\">\n\t\t\t\t<div class=\"elementor-widget-container\">\n\t\t\t\r\n        \r\n            <div class=\"about-img-wrap\">\r\n\r\n                                    <img decoding=\"async\" src=\"https:\/\/metehanmekanik.com.tr\/wp-content\/uploads\/2024\/05\/hakkimizda-1.jpg\" alt=\"\" class=\"wow fadeInRight\" data-wow-delay=\".4s\">\r\n                \r\n                                    <img decoding=\"async\" src=\"https:\/\/metehanmekanik.com.tr\/wp-content\/uploads\/2024\/05\/hakkimizda-2.jpg\" alt=\"\" class=\"wow fadeInRight\" data-wow-delay=\".2s\">\r\n                \r\n                <div class=\"about-experiences-wrap\">\r\n\r\n                                            <div class=\"experiences-item\">\r\n                                                                                                <div class=\"icon\">\r\n                                        <img decoding=\"async\" src=\"https:\/\/themedox.com\/roofx\/wp-content\/uploads\/2023\/07\/about_icon01.svg\" alt=\"\">\r\n                                    <\/div>\r\n                                                            \r\n                                                            <div class=\"content\">\r\n                                    <h2 class=\"title\">We offer high standards of engineering and contracting services.<\/h2>\r\n                                <\/div>\r\n                                                    <\/div>\r\n                    \r\n                                            <div class=\"experiences-item\">\r\n                                                                                                <div class=\"icon\">\r\n                                        <img decoding=\"async\" src=\"https:\/\/themedox.com\/roofx\/wp-content\/uploads\/2023\/07\/about_icon02.svg\" alt=\"\">\r\n                                    <\/div>\r\n                                                            \r\n                                                            <div class=\"content\">\r\n                                    <h2 class=\"title\">We keep customer satisfaction at the highest level.<\/h2>\r\n                                <\/div>\r\n                                                    <\/div>\r\n                    \r\n                <\/div>\r\n            <\/div>\r\n\r\n        \r\n\t\t<\/div>\n\t\t\t\t<\/div>\n\t\t\t\t\t<\/div>\n\t\t<\/div>\n\t\t\t\t\t<\/div>\n\t\t<\/section>\n\t\t\t\t<section class=\"elementor-section elementor-top-section elementor-element elementor-element-e4588e5 elementor-section-content-middle elementor-section-boxed elementor-section-height-default elementor-section-height-default\" data-id=\"e4588e5\" data-element_type=\"section\">\n\t\t\t\t\t\t<div class=\"elementor-container elementor-column-gap-no\">\n\t\t\t\t\t<div class=\"elementor-column elementor-col-50 elementor-top-column elementor-element elementor-element-a5cb935\" data-id=\"a5cb935\" data-element_type=\"column\">\n\t\t\t<div class=\"elementor-widget-wrap elementor-element-populated\">\n\t\t\t\t\t\t<div class=\"elementor-element elementor-element-25401c8 elementor-widget elementor-widget-image\" data-id=\"25401c8\" data-element_type=\"widget\" data-widget_type=\"image.default\">\n\t\t\t\t<div class=\"elementor-widget-container\">\n\t\t\t<style>\/*! elementor - v3.21.0 - 30-04-2024 *\/\n.elementor-widget-image{text-align:center}.elementor-widget-image a{display:inline-block}.elementor-widget-image a img[src$=\".svg\"]{width:48px}.elementor-widget-image img{vertical-align:middle;display:inline-block}<\/style>\t\t\t\t\t\t\t\t\t\t<img fetchpriority=\"high\" decoding=\"async\" width=\"446\" height=\"429\" src=\"https:\/\/metehanmekanik.com.tr\/wp-content\/uploads\/2023\/07\/tab_img01.jpg\" class=\"attachment-full size-full wp-image-823\" alt=\"\" srcset=\"https:\/\/metehanmekanik.com.tr\/wp-content\/uploads\/2023\/07\/tab_img01.jpg 446w, https:\/\/metehanmekanik.com.tr\/wp-content\/uploads\/2023\/07\/tab_img01-300x289.jpg 300w\" sizes=\"(max-width: 446px) 100vw, 446px\" \/>\t\t\t\t\t\t\t\t\t\t\t\t\t<\/div>\n\t\t\t\t<\/div>\n\t\t\t\t\t<\/div>\n\t\t<\/div>\n\t\t\t\t<div class=\"elementor-column elementor-col-50 elementor-top-column elementor-element elementor-element-ddeac4a\" data-id=\"ddeac4a\" data-element_type=\"column\">\n\t\t\t<div class=\"elementor-widget-wrap elementor-element-populated\">\n\t\t\t\t\t\t<div class=\"elementor-element elementor-element-1b7aa22 elementor-widget elementor-widget-tg-heading\" data-id=\"1b7aa22\" data-element_type=\"widget\" data-widget_type=\"tg-heading.default\">\n\t\t\t\t<div class=\"elementor-widget-container\">\n\t\t\t\r\n        <div class=\"section-title tg-heading-subheading animation-style3\">\r\n\r\n                            <span class=\"sub-title tg-element-title\">Our Vision<\/span>\r\n            \r\n            \r\n        <\/div>\r\n\r\n\t\t<\/div>\n\t\t\t\t<\/div>\n\t\t\t\t<div class=\"elementor-element elementor-element-cdbba78 elementor-widget elementor-widget-iconlist\" data-id=\"cdbba78\" data-element_type=\"widget\" data-widget_type=\"iconlist.default\">\n\t\t\t\t<div class=\"elementor-widget-container\">\n\t\t\t\r\n        \r\n            <div class=\"about-list\">\r\n                <ul class=\"list-wrap\">\r\n                                            <li>\r\n                                                            <i aria-hidden=\"true\" class=\"fas fa-check\"><\/i>                                                        Our aim is to represent quality service in the engineering and contracting sector and to rise to a leading position in our sector. We aim to add value to our customers, to complete our projects successfully and to keep customer satisfaction at the highest level, based on cooperation and trust.\n                        <\/li>\r\n                                    <\/ul>\r\n            <\/div>\r\n\r\n        \r\n\t\t<\/div>\n\t\t\t\t<\/div>\n\t\t\t\t<div class=\"elementor-element elementor-element-3d1591c elementor-widget elementor-widget-tg-heading\" data-id=\"3d1591c\" data-element_type=\"widget\" data-widget_type=\"tg-heading.default\">\n\t\t\t\t<div class=\"elementor-widget-container\">\n\t\t\t\r\n        <div class=\"section-title tg-heading-subheading animation-style2\">\r\n\r\n                            <span class=\"sub-title tg-element-title\">Our Mission<\/span>\r\n            \r\n            \r\n        <\/div>\r\n\r\n\t\t<\/div>\n\t\t\t\t<\/div>\n\t\t\t\t<div class=\"elementor-element elementor-element-659598a elementor-widget elementor-widget-iconlist\" data-id=\"659598a\" data-element_type=\"widget\" data-widget_type=\"iconlist.default\">\n\t\t\t\t<div class=\"elementor-widget-container\">\n\t\t\t\r\n        \r\n            <div class=\"about-list\">\r\n                <ul class=\"list-wrap\">\r\n                                            <li>\r\n                                                            <i aria-hidden=\"true\" class=\"fas fa-check\"><\/i>                                                        We aim to exceed our customers' expectations and set industry standards by providing innovative solutions in the engineering and contracting sector. With our quality, reliability and customer satisfaction orientated approach, we aim for excellence in every project. By adopting the principles of transparency, honesty and sustainability, we strive to create value for our stakeholders and contribute to society.\n                        <\/li>\r\n                                    <\/ul>\r\n            <\/div>\r\n\r\n        \r\n\t\t<\/div>\n\t\t\t\t<\/div>\n\t\t\t\t\t<\/div>\n\t\t<\/div>\n\t\t\t\t\t<\/div>\n\t\t<\/section>\n\t\t\t\t<section class=\"elementor-section elementor-top-section elementor-element elementor-element-c49d13d elementor-section-content-middle elementor-section-boxed elementor-section-height-default elementor-section-height-default\" data-id=\"c49d13d\" data-element_type=\"section\">\n\t\t\t\t\t\t<div class=\"elementor-container elementor-column-gap-no\">\n\t\t\t\t\t<div class=\"elementor-column elementor-col-50 elementor-top-column elementor-element elementor-element-1a3b629\" data-id=\"1a3b629\" data-element_type=\"column\">\n\t\t\t<div class=\"elementor-widget-wrap elementor-element-populated\">\n\t\t\t\t\t\t<div class=\"elementor-element elementor-element-1645542 elementor-widget elementor-widget-image\" data-id=\"1645542\" data-element_type=\"widget\" data-widget_type=\"image.default\">\n\t\t\t\t<div class=\"elementor-widget-container\">\n\t\t\t\t\t\t\t\t\t\t\t\t\t<img decoding=\"async\" width=\"464\" height=\"421\" src=\"https:\/\/metehanmekanik.com.tr\/wp-content\/uploads\/2023\/07\/h3_project_img05.jpg\" class=\"attachment-large size-large wp-image-754\" alt=\"\" srcset=\"https:\/\/metehanmekanik.com.tr\/wp-content\/uploads\/2023\/07\/h3_project_img05.jpg 464w, https:\/\/metehanmekanik.com.tr\/wp-content\/uploads\/2023\/07\/h3_project_img05-300x272.jpg 300w\" sizes=\"(max-width: 464px) 100vw, 464px\" \/>\t\t\t\t\t\t\t\t\t\t\t\t\t<\/div>\n\t\t\t\t<\/div>\n\t\t\t\t\t<\/div>\n\t\t<\/div>\n\t\t\t\t<div class=\"elementor-column elementor-col-50 elementor-top-column elementor-element elementor-element-6c4dc20\" data-id=\"6c4dc20\" data-element_type=\"column\">\n\t\t\t<div class=\"elementor-widget-wrap elementor-element-populated\">\n\t\t\t\t\t\t<div class=\"elementor-element elementor-element-23bc427 elementor-widget elementor-widget-tg-heading\" data-id=\"23bc427\" data-element_type=\"widget\" data-widget_type=\"tg-heading.default\">\n\t\t\t\t<div class=\"elementor-widget-container\">\n\t\t\t\r\n        <div class=\"section-title tg-heading-subheading animation-style3\">\r\n\r\n                            <span class=\"sub-title tg-element-title\">Our Success Story<\/span>\r\n            \r\n            <h2 class=\"title tg-element-title\">We are taking firm steps towards the future.<\/h2>\r\n        <\/div>\r\n\r\n\t\t<\/div>\n\t\t\t\t<\/div>\n\t\t\t\t<div class=\"elementor-element elementor-element-24a654d elementor-widget elementor-widget-heading\" data-id=\"24a654d\" data-element_type=\"widget\" data-widget_type=\"heading.default\">\n\t\t\t\t<div class=\"elementor-widget-container\">\n\t\t\t<p class=\"elementor-heading-title elementor-size-default\">Since our establishment, we have been involved in many important projects in the steel industry and refinery sector. Each project has been successfully completed with the creative solutions of our engineering experts and the combination of our experience. The trust and satisfaction of our customers is our greatest success.\n<\/p>\t\t<\/div>\n\t\t\t\t<\/div>\n\t\t\t\t\t<\/div>\n\t\t<\/div>\n\t\t\t\t\t<\/div>\n\t\t<\/section>\n\t\t\t\t<\/div>","protected":false},"excerpt":{"rendered":"<p>Hakk\u0131m\u0131zda Gelece\u011fi Birlikte \u0130n\u015fa Edelim 2022 y\u0131l\u0131nda \u0130zmir Alia\u011fa Sanayisi&#8217;nde kurulan \u015firketimiz, m\u00fchendislik ve taahh\u00fct alan\u0131nda sa\u011flad\u0131\u011f\u0131 kaliteli hizmetlerle k\u0131sa s\u00fcrede tan\u0131nan bir isim haline geldi. Ayr\u0131ca, Petkim Rafinerisi&#8217;nde ve \u0130zmir Demir \u00c7elik Sanayisin&#8217;de ba\u015far\u0131l\u0131 projelere imza att\u0131k. Kaliteli Hizmet Uzman Kadro M\u00fc\u015fteri Memnuniyeti Y\u00fcksek standartlarda m\u00fchendislik ve taahh\u00fct hizmetleri sunuyoruz. M\u00fc\u015fteri memnuniyetini en \u00fcst [&hellip;]<\/p>","protected":false},"author":1,"featured_media":0,"parent":0,"menu_order":0,"comment_status":"closed","ping_status":"closed","template":"elementor_header_footer","meta":{"_acf_changed":false,"footnotes":""},"class_list":["post-94","page","type-page","status-publish","hentry"],"acf":[],"_links":{"self":[{"href":"https:\/\/metehanmekanik.com.tr\/en\/wp-json\/wp\/v2\/pages\/94","targetHints":{"allow":["GET"]}}],"collection":[{"href":"https:\/\/metehanmekanik.com.tr\/en\/wp-json\/wp\/v2\/pages"}],"about":[{"href":"https:\/\/metehanmekanik.com.tr\/en\/wp-json\/wp\/v2\/types\/page"}],"author":[{"embeddable":true,"href":"https:\/\/metehanmekanik.com.tr\/en\/wp-json\/wp\/v2\/users\/1"}],"replies":[{"embeddable":true,"href":"https:\/\/metehanmekanik.com.tr\/en\/wp-json\/wp\/v2\/comments?post=94"}],"version-history":[{"count":20,"href":"https:\/\/metehanmekanik.com.tr\/en\/wp-json\/wp\/v2\/pages\/94\/revisions"}],"predecessor-version":[{"id":1532,"href":"https:\/\/metehanmekanik.com.tr\/en\/wp-json\/wp\/v2\/pages\/94\/revisions\/1532"}],"wp:attachment":[{"href":"https:\/\/metehanmekanik.com.tr\/en\/wp-json\/wp\/v2\/media?parent=94"}],"curies":[{"name":"wp","href":"https:\/\/api.w.org\/{rel}","templated":true}]}}